{"id":1306,"date":"2016-11-21T20:32:59","date_gmt":"2016-11-21T20:32:59","guid":{"rendered":"http:\/\/www.circolo-pesca-brunico.it\/?page_id=1306"},"modified":"2017-03-14T20:52:41","modified_gmt":"2017-03-14T19:52:41","slug":"storia","status":"publish","type":"page","link":"https:\/\/www.circolo-pesca-brunico.it\/de\/il-circolo\/storia\/","title":{"rendered":"GESCHICHTE"},"content":{"rendered":"<p><strong>Unsere ersten 50 Jahre:<\/strong><br \/>\nDiese Seiten wurden vom gegenw\u00e4rtigen Ausschuss gew\u00fcnscht, um an all jene zu erinnern, die im Jahr 1963 an der Gr\u00fcndung des Brunecker ENAL Sportfischvereins beigetragen und folglich an dessen Aktivit\u00e4ten teilgenommen haben.<br \/>\nEine gro\u00dfe Anzahl der hier angef\u00fchrten Daten und Geschichten wurde nur durch die genaue Dokumentationsarbeit von Maresciallo Gigi Guerra, der jahrelang als Sekret\u00e4r im Verein t\u00e4tig war, erm\u00f6glicht. Eine Person, die viel f\u00fcr den Verein getan hat und an die wir uns immer mit gro\u00dfer Achtung erinnern werden.<br \/>\nDer Sportfischerverein ENAL Bruneck, wurde im 1963 gegr\u00fcndet und besa\u00df die Bar Enal am Kapuzinerplatz als ersten Vereinssitz. Als das Enal (Staatliches F\u00fcrsorgeamt f\u00fcr Arbeiter) auf staatlicher Ebene aufgelassen wurde, \u00e4nderte man den Namen des Vereins in Brunecker Sportfischerverein ARCB (Associazione Ricreativa Culturale Brunico).<br \/>\nDer Sitz \u00fcbersiedelte zuerst in die N\u00e4he des Hotels \u201eGoldene Rose\u201c (besser bekannt als \u201eTurm\u201c), und dann in das von der Gemeinde Bruneck f\u00fcr die italienischen Vereine vorgesehene Geb\u00e4ude in der Andreas Hofer Stra\u00dfe.<br \/>\nSeit der endg\u00fcltigen Aufl\u00f6sung des ARCB im Jahr 2012 hat der Verein seinen aktuellen Namen \u201eSportfischerverein Bruneck\u201c erhalten mit Sitz in der J. G. Mahl Stra\u00dfe 64 (Fischteich).<br \/>\nUnser Verein wurde mit der Absicht gegr\u00fcndet, die Angelbegeisterten des gesamten Pustertals zu vereinigen. In Jahren des kulturellen Konflikts, stellte die Gruppe einen Ort der Zusammenkunft f\u00fcr die verschiedensten Teile der Gesellschaft dar.<br \/>\nNicht umsonst sind alle Sprachgruppen S\u00fcdtirols unter den Gr\u00fcndern vertreten. Im Jahr 1963 hat sich der Verein dank der Voraussicht des Vorstandes in die neu gegr\u00fcndete FIPS (Federazione Italiana Pesca Sportiva \u2013 Italienischer Dachverband der Sportfischerei) eingeschrieben, die damals noch keine Fischereirechte an lokalen Gew\u00e4ssern besa\u00df.<br \/>\nHeute sind wir der \u00e4lteste eingeschriebene Verein der Provinz Bozen. Dem Erwerb des Fischereirechts im Jahre 1965 beim Sankt Georgener Teich folgte die Veranstaltung von Wettbewerben und die Verbreitung der Fischerei unter der Jugend (pierini).<br \/>\nViele der heutigen \u201ealten\u201c Fischer haben das Angeln an genau diesem Ort gelernt. Schon seit 1965 ist der Wetteifer einer der wichtigsten Aspekte des Zusammenhalts im Verein. Ein Wetteifer nicht zum Erreichen eines Ziels, sondern vielmehr als eine Art des Zusammenseins und des sich Messens auf den Seen und Fl\u00fcssen der gesamten Provinz und auch au\u00dferhalb. Im Jahre 1966 begann die Jahresmeisterschaft f\u00fcr die Mitglieder, die die Platzierungen w\u00e4hrend der verschiedenen Wettbewerbe ber\u00fccksichtigte. Es wurde eine spezielle Rangliste eingef\u00fchrt, die \u201edas goldene Fischlein\u201c (\u201eLa classifica del pesciolino d oro\u201c) genannt wurde, welche die gr\u00f6\u00dften Fische, die im Wettbewerb gefangen wurden bewertet. Noch dazu wurde die Rangliste \u201eTotofisch\u201c eingef\u00fchrt, die das Gewicht aller Fische der verschiedenen Wettbewerbe summiert (1 Gramm = 1 Punkt).<\/p>\n<hr \/>\n<p><strong>Ausschnitte unserer Geschichte:<\/strong><\/p>\n<p><img loading=\"lazy\" decoding=\"async\" class=\"alignnone size-full wp-image-1308\" src=\"http:\/\/www.circolo-pesca-brunico.it\/wp-content\/uploads\/2016\/11\/Patrizio.jpg\" alt=\"patrizio\" width=\"160\" height=\"196\" \/><\/p>\n<p>Am 10. Juni 1967 stirbt, im Alter von 13 Jahren, Dimani Patrizio; ein gro\u00dfer Liebhaber des Angelsports und eine junge Hoffnung des Vereins. Er wurde von einem pl\u00f6tzlichen Hochwasser fortgerissen, als er mit seinem Freund Ferruccio Sequani am Wildbach Rienz bei Percha unterwegs war. Die Trauer des Vereins war gro\u00df. In der N\u00e4he des Sankt Georgener Teiches wurde ein Gedenkstein errichtet. Nach diesem dramatischen Ereignis, wurde eine Regel eingef\u00fchrt, die heute immer noch in Kraft ist und vorsieht, dass junge Angler (pierini) nur in Begleitung eines Erwachsenen der Fischerei nachgehen d\u00fcrfen.<\/p>\n<p><img loading=\"lazy\" decoding=\"async\" class=\"alignnone size-full wp-image-1307\" src=\"http:\/\/www.circolo-pesca-brunico.it\/wp-content\/uploads\/2016\/11\/Albertacci.jpg\" alt=\"albertacci\" width=\"160\" height=\"196\" \/><\/p>\n<p>Wir werden uns immer mit Zuneigung an die Leidenschaft und Sympathie erinnern, die er in uns und in allen, die ihn kennen lernen durften, geweckt hat. Im Jahr 1972 entschied das Mitglied Danilo Albertacci, aufgrund von Meinungsverschiedenheiten mit dem Pr\u00e4sidenten Emilio Passi, den Verein zu verlassen. Kurz darauf gr\u00fcndet er bei der Eisenbahner- Freizeitorganisation (\u201eDopolavoro\u201c) von Bruneck die Gesellschaft \u201eCannisti D.L.F.\u201c, dessen Gr\u00fcndungsakt die Datierung 18.12.1972 tr\u00e4gt. Die organisatorischen F\u00e4higkeiten und die gro\u00dfe Leidenschaft von Albertacci lie\u00dfen den neuen Verein schnell wachsen. Am 6. J\u00e4nner 1981 starb Danilo Albertacci nach kurzer Krankheit und hinterlie\u00df ein gro\u00dfes Loch in der Pustertaler Fischerwelt.<\/p>\n<hr \/>\n<p><strong>Wir m\u00f6chten auch \u00fcber die bedeutendsten Daten f\u00fcr die Fischerei im Pustertal informieren:<\/strong><\/p>\n<ul>\n<li>Am 6. Februar 1974, wurde das erste mal ein Wettbewerb f\u00fcr Eisfischen am Ehrenburger Teich veranstaltet.<\/li>\n<li>Am 2. April 1974 wurde der Mietvertrag f\u00fcr das Gebiet \u201eMoaberg\u201c bei Reischach abgeschlossen, um dort einen Teich auszuheben.<\/li>\n<li>Am 30. September 1974 wurde der erste Wettbewerb f\u00fcr das gesamte Pustertal organisiert.<\/li>\n<li>1988 wurde der Reischacher Teich \u201eMoaberg\u201c als Biotop unter Schutz gestellt, seit dem war die Fischerei zwar erlaubt, man durfte jedoch das Schilf nicht mehr beseitigen.<\/li>\n<li>1997 begannen die Arbeiten am Ehrenburger Teich.<\/li>\n<\/ul>\n<p><strong>Die harten Jahre 1986, 1987 und 1988:<\/strong><br \/>\nNach der Abspaltung und wegen des Verlustes des Sankt Georgener Teiches passierten im Verein verschiedene Missgeschicke. Derartige Geschehnisse f\u00fchrten nahezu zur Schlie\u00dfung. Aber dank der wenigen Durchhaltenden konnte der Verein seine Aktivit\u00e4ten fortsetzen. In diesen drei Jahren, konnte der Verein nur dank weniger treuer Unterst\u00fctzer auf den Beinen gehalten werden. Mit dem Tod des \u201ePresidentissimo\u201c Emilio Conte Passi, hatte der Verein seinen Leader und Leitbild verloren. Nachfolger des Presidentissimo wurde Antonio Sinigaglia (der j\u00fcngste Pr\u00e4sident des Vereins), der einen krisengesch\u00fcttelten Verein \u00fcbernahm. Wie \u201eToni\u201c sich immer gern erinnert, hatte er nur Siebentausend Lire in der Vereinskasse. Mit Bescheidenheit und Hingabe schaffte er es, zusammen mit wenigen anderen, das Vertrauen der Mitglieder wieder zu gewinnen. Costantino Digianantonio folgte ihm und war auch der erste Pr\u00e4sident der beschloss an dem neugegr\u00fcndeten Altstadtfest teilzunehmen, eine Veranstaltung, die dem Verein Bekanntheit und Geld einbrachte.<\/p>\n<p><strong>Das Wiederaufleben:<\/strong><br \/>\nIm Jahr 1989 fing der neue Vorstand unter Sergio Englaro und Maurizio Moro als Sekret\u00e4r an mit gro\u00dfem Aufwand den Wideraufbau zu betreiben.<br \/>\nDie Fr\u00fcchte ihrer Arbeit lie\u00dfen nicht lange auf sich warten und im Laufe der folgenden Jahre ist es uns gelungen ein Verein mit \u00fcber 600 Mitgliedern zu werden.<br \/>\nBei den Wettbewerben an den Fl\u00fcssen und Teichen des Pustertals haben wir \u00fcber 120 Einschreibung erhalten. Einige davon waren legend\u00e4r. Wir erinnern uns gerne zur\u00fcck an den Forellenwettbewerb am Rienzner Bach, im Schifferegger Reservat; an den herrlichen Wettbewerb bei den Pragser Wildsee morgens und am Welsberger See am Nachmittag inklusive, von den Mitgliedern organisiertes, Mittagessen. Auch an den herrlichen und einzigartigen \u00c4schenbewerb im September und den technischen Trockenbewerb, der die Meisterschaft abschloss, denken wir gerne. Heute noch gibt es viele Mitglieder, die sich an die Jahresabschlussfeier des Vereins im Restaurant Tubris bei Sand in Taufers, erinnern. Zu diesen Gelegenheiten wurden die Bestplatzierten der verschiedenen Meisterschaften mit gro\u00dfz\u00fcgigen Pr\u00e4mien und Medaillen belohnt. In diesen Jahren gab es auch mehrere Angelausfl\u00fcge au\u00dferhalb der Provinz, vor allem die, mit Wettbewerb am Gardasee, am Fimonsee und der Makrelenbewerb bei Porto Garibaldi blieben in sch\u00f6ner Erinnerung.<br \/>\nDer Verein wurde 1992 von der F.I.P.S. (Federazione Italiana Pesca Sportiva) mit dem silbernen Verdienststern f\u00fcr sein 25-j\u00e4hriges Bestehen ausgezeichnet. Schon seit den ersten Jahren seines Bestehens, hat der Verein ein Statut beschlossen.<br \/>\n1994 wurde dieses vor einem Notar beglaubigt. Der Vorstand, der in diesem Jahr in Kraft war, hinterlegte das Statut bei einem Notar in der N\u00e4he von Padua. Am 30. Juli 1994 wurde der Verein \u201eCircolo Pesca Sportiva A.r.c.b di Brunico\u201c mit Mehrwertsteuernummer gegr\u00fcndet. Dank dieser Initiative entstand auch ein kleines Vereinsgesch\u00e4ft, das f\u00fcr die Mitglieder Fischereibedarf zu verg\u00fcnstigten Preisen anbietet.<br \/>\nDann, so wie es immer im Leben ist ging auch diese gute Zeit zu Ende. Anfang der 2000er Jahre sank langsam die Zahl der Mitglieder und damit auch die Aktivit\u00e4ten und Wettbewerbe des Vereins. Das Fehlen eines festen Angelplatzes, um sich zu treffen und Ver\u00e4nderungen innerhalb des Vorstandes, f\u00fchrten zu sinkenden Mitgliederzahlen und fehlendem Engagement. Gl\u00fccklicherweise verwirklichte sich im Jahr 2005 ein Lebenstraum. Dank des Interesses vieler (nicht) Mitglieder und unter der Pr\u00e4sidentschaft von Romano Perego, wurde uns im Jahr 2005 ein Grundst\u00fcck zur Verf\u00fcgung gestellt, um einen Teich auszuheben und einen Ort f\u00fcr die gemeinsamen Vereinsaktivit\u00e4ten zu haben.<br \/>\nJetzt, zu unserem 50-j\u00e4hrigen Jubil\u00e4um stellen wir uns in guter Form vor und erkl\u00e4ren uns bereit, die Arbeit unserer Vorg\u00e4nger fortzuf\u00fchren.<\/p>","protected":false},"excerpt":{"rendered":"<p>Unsere ersten 50 Jahre: Diese Seiten wurden vom gegenw\u00e4rtigen Ausschuss gew\u00fcnscht, um an all jene zu erinnern, die im Jahr 1963 an der Gr\u00fcndung des Brunecker ENAL Sportfischvereins beigetragen und &#8230;<\/p>\n","protected":false},"author":1,"featured_media":0,"parent":1303,"menu_order":0,"comment_status":"closed","ping_status":"closed","template":"template-fullwidth.php","meta":{"_monsterinsights_skip_tracking":false,"_monsterinsights_sitenote_active":false,"_monsterinsights_sitenote_note":"","_monsterinsights_sitenote_category":0,"footnotes":""},"class_list":["post-1306","page","type-page","status-publish","hentry"],"yoast_head":"<!-- This site is optimized with the Yoast SEO plugin v27.5 - https:\/\/yoast.com\/product\/yoast-seo-wordpress\/ -->\n<title>GESCHICHTE - Circolo Pesca Sportiva Brunico<\/title>\n<meta name=\"description\" content=\"La storia del circolo.\" \/>\n<meta name=\"robots\" content=\"index, follow, max-snippet:-1, max-image-preview:large, max-video-preview:-1\" \/>\n<link rel=\"canonical\" href=\"https:\/\/www.circolo-pesca-brunico.it\/de\/il-circolo\/storia\/\" \/>\n<meta property=\"og:locale\" content=\"de_DE\" \/>\n<meta property=\"og:type\" content=\"article\" \/>\n<meta property=\"og:title\" content=\"GESCHICHTE - Circolo Pesca Sportiva Brunico\" \/>\n<meta property=\"og:description\" content=\"La storia del circolo.\" \/>\n<meta property=\"og:url\" content=\"https:\/\/www.circolo-pesca-brunico.it\/de\/il-circolo\/storia\/\" \/>\n<meta property=\"og:site_name\" content=\"Circolo Pesca Sportiva Brunico\" \/>\n<meta property=\"article:modified_time\" content=\"2017-03-14T19:52:41+00:00\" \/>\n<meta property=\"og:image\" content=\"http:\/\/www.circolo-pesca-brunico.it\/wp-content\/uploads\/2016\/11\/Patrizio.jpg\" \/>\n<meta name=\"twitter:card\" content=\"summary_large_image\" \/>\n<meta name=\"twitter:label1\" content=\"Gesch\u00e4tzte Lesezeit\" \/>\n\t<meta name=\"twitter:data1\" content=\"15\u00a0Minuten\" \/>\n<script type=\"application\/ld+json\" class=\"yoast-schema-graph\">{\"@context\":\"https:\\\/\\\/schema.org\",\"@graph\":[{\"@type\":\"WebPage\",\"@id\":\"https:\\\/\\\/www.circolo-pesca-brunico.it\\\/de\\\/il-circolo\\\/storia\\\/\",\"url\":\"https:\\\/\\\/www.circolo-pesca-brunico.it\\\/de\\\/il-circolo\\\/storia\\\/\",\"name\":\"GESCHICHTE - Circolo Pesca Sportiva Brunico\",\"isPartOf\":{\"@id\":\"https:\\\/\\\/www.circolo-pesca-brunico.it\\\/de\\\/#website\"},\"primaryImageOfPage\":{\"@id\":\"https:\\\/\\\/www.circolo-pesca-brunico.it\\\/de\\\/il-circolo\\\/storia\\\/#primaryimage\"},\"image\":{\"@id\":\"https:\\\/\\\/www.circolo-pesca-brunico.it\\\/il-circolo\\\/storia\\\/#primaryimage\"},\"thumbnailUrl\":\"http:\\\/\\\/www.circolo-pesca-brunico.it\\\/wp-content\\\/uploads\\\/2016\\\/11\\\/Patrizio.jpg\",\"datePublished\":\"2016-11-21T20:32:59+00:00\",\"dateModified\":\"2017-03-14T19:52:41+00:00\",\"description\":\"La storia del circolo.\",\"breadcrumb\":{\"@id\":\"https:\\\/\\\/www.circolo-pesca-brunico.it\\\/de\\\/il-circolo\\\/storia\\\/#breadcrumb\"},\"inLanguage\":\"de\",\"potentialAction\":[{\"@type\":\"ReadAction\",\"target\":[[\"https:\\\/\\\/www.circolo-pesca-brunico.it\\\/de\\\/il-circolo\\\/storia\\\/\"]]}]},{\"@type\":\"ImageObject\",\"inLanguage\":\"de\",\"@id\":\"https:\\\/\\\/www.circolo-pesca-brunico.it\\\/de\\\/il-circolo\\\/storia\\\/#primaryimage\",\"url\":\"http:\\\/\\\/www.circolo-pesca-brunico.it\\\/wp-content\\\/uploads\\\/2016\\\/11\\\/Patrizio.jpg\",\"contentUrl\":\"http:\\\/\\\/www.circolo-pesca-brunico.it\\\/wp-content\\\/uploads\\\/2016\\\/11\\\/Patrizio.jpg\"},{\"@type\":\"BreadcrumbList\",\"@id\":\"https:\\\/\\\/www.circolo-pesca-brunico.it\\\/de\\\/il-circolo\\\/storia\\\/#breadcrumb\",\"itemListElement\":[{\"@type\":\"ListItem\",\"position\":1,\"name\":\"Startseite\",\"item\":\"https:\\\/\\\/www.circolo-pesca-brunico.it\\\/de\\\/\"},{\"@type\":\"ListItem\",\"position\":2,\"name\":\"DER VEREIN\",\"item\":\"https:\\\/\\\/www.circolo-pesca-brunico.it\\\/de\\\/il-circolo\\\/\"},{\"@type\":\"ListItem\",\"position\":3,\"name\":\"GESCHICHTE\"}]},{\"@type\":\"WebSite\",\"@id\":\"https:\\\/\\\/www.circolo-pesca-brunico.it\\\/de\\\/#website\",\"url\":\"https:\\\/\\\/www.circolo-pesca-brunico.it\\\/de\\\/\",\"name\":\"Circolo Pesca Sportiva Brunico\",\"description\":\"\",\"publisher\":{\"@id\":\"https:\\\/\\\/www.circolo-pesca-brunico.it\\\/de\\\/#organization\"},\"potentialAction\":[{\"@type\":\"SearchAction\",\"target\":{\"@type\":\"EntryPoint\",\"urlTemplate\":\"https:\\\/\\\/www.circolo-pesca-brunico.it\\\/de\\\/?s={search_term_string}\"},\"query-input\":{\"@type\":\"PropertyValueSpecification\",\"valueRequired\":true,\"valueName\":\"search_term_string\"}}],\"inLanguage\":\"de\"},{\"@type\":\"Organization\",\"@id\":\"https:\\\/\\\/www.circolo-pesca-brunico.it\\\/de\\\/#organization\",\"name\":\"Circolo Pesca Sportiva Brunico\",\"url\":\"https:\\\/\\\/www.circolo-pesca-brunico.it\\\/de\\\/\",\"logo\":{\"@type\":\"ImageObject\",\"inLanguage\":\"de\",\"@id\":\"https:\\\/\\\/www.circolo-pesca-brunico.it\\\/de\\\/#\\\/schema\\\/logo\\\/image\\\/\",\"url\":\"https:\\\/\\\/www.circolo-pesca-brunico.it\\\/wp-content\\\/uploads\\\/2023\\\/12\\\/logo-small.jpg\",\"contentUrl\":\"https:\\\/\\\/www.circolo-pesca-brunico.it\\\/wp-content\\\/uploads\\\/2023\\\/12\\\/logo-small.jpg\",\"width\":256,\"height\":60,\"caption\":\"Circolo Pesca Sportiva Brunico\"},\"image\":{\"@id\":\"https:\\\/\\\/www.circolo-pesca-brunico.it\\\/de\\\/#\\\/schema\\\/logo\\\/image\\\/\"}}]}<\/script>\n<!-- \/ Yoast SEO plugin. -->","yoast_head_json":{"title":"GESCHICHTE - Circolo Pesca Sportiva Brunico","description":"La storia del circolo.","robots":{"index":"index","follow":"follow","max-snippet":"max-snippet:-1","max-image-preview":"max-image-preview:large","max-video-preview":"max-video-preview:-1"},"canonical":"https:\/\/www.circolo-pesca-brunico.it\/de\/il-circolo\/storia\/","og_locale":"de_DE","og_type":"article","og_title":"GESCHICHTE - Circolo Pesca Sportiva Brunico","og_description":"La storia del circolo.","og_url":"https:\/\/www.circolo-pesca-brunico.it\/de\/il-circolo\/storia\/","og_site_name":"Circolo Pesca Sportiva Brunico","article_modified_time":"2017-03-14T19:52:41+00:00","og_image":[{"url":"http:\/\/www.circolo-pesca-brunico.it\/wp-content\/uploads\/2016\/11\/Patrizio.jpg","type":"","width":"","height":""}],"twitter_card":"summary_large_image","twitter_misc":{"Gesch\u00e4tzte Lesezeit":"15\u00a0Minuten"},"schema":{"@context":"https:\/\/schema.org","@graph":[{"@type":"WebPage","@id":"https:\/\/www.circolo-pesca-brunico.it\/de\/il-circolo\/storia\/","url":"https:\/\/www.circolo-pesca-brunico.it\/de\/il-circolo\/storia\/","name":"GESCHICHTE - Circolo Pesca Sportiva Brunico","isPartOf":{"@id":"https:\/\/www.circolo-pesca-brunico.it\/de\/#website"},"primaryImageOfPage":{"@id":"https:\/\/www.circolo-pesca-brunico.it\/de\/il-circolo\/storia\/#primaryimage"},"image":{"@id":"https:\/\/www.circolo-pesca-brunico.it\/il-circolo\/storia\/#primaryimage"},"thumbnailUrl":"http:\/\/www.circolo-pesca-brunico.it\/wp-content\/uploads\/2016\/11\/Patrizio.jpg","datePublished":"2016-11-21T20:32:59+00:00","dateModified":"2017-03-14T19:52:41+00:00","description":"La storia del circolo.","breadcrumb":{"@id":"https:\/\/www.circolo-pesca-brunico.it\/de\/il-circolo\/storia\/#breadcrumb"},"inLanguage":"de","potentialAction":[{"@type":"ReadAction","target":[["https:\/\/www.circolo-pesca-brunico.it\/de\/il-circolo\/storia\/"]]}]},{"@type":"ImageObject","inLanguage":"de","@id":"https:\/\/www.circolo-pesca-brunico.it\/de\/il-circolo\/storia\/#primaryimage","url":"http:\/\/www.circolo-pesca-brunico.it\/wp-content\/uploads\/2016\/11\/Patrizio.jpg","contentUrl":"http:\/\/www.circolo-pesca-brunico.it\/wp-content\/uploads\/2016\/11\/Patrizio.jpg"},{"@type":"BreadcrumbList","@id":"https:\/\/www.circolo-pesca-brunico.it\/de\/il-circolo\/storia\/#breadcrumb","itemListElement":[{"@type":"ListItem","position":1,"name":"Startseite","item":"https:\/\/www.circolo-pesca-brunico.it\/de\/"},{"@type":"ListItem","position":2,"name":"DER VEREIN","item":"https:\/\/www.circolo-pesca-brunico.it\/de\/il-circolo\/"},{"@type":"ListItem","position":3,"name":"GESCHICHTE"}]},{"@type":"WebSite","@id":"https:\/\/www.circolo-pesca-brunico.it\/de\/#website","url":"https:\/\/www.circolo-pesca-brunico.it\/de\/","name":"Circolo Pesca Sportiva Brunico","description":"","publisher":{"@id":"https:\/\/www.circolo-pesca-brunico.it\/de\/#organization"},"potentialAction":[{"@type":"SearchAction","target":{"@type":"EntryPoint","urlTemplate":"https:\/\/www.circolo-pesca-brunico.it\/de\/?s={search_term_string}"},"query-input":{"@type":"PropertyValueSpecification","valueRequired":true,"valueName":"search_term_string"}}],"inLanguage":"de"},{"@type":"Organization","@id":"https:\/\/www.circolo-pesca-brunico.it\/de\/#organization","name":"Circolo Pesca Sportiva Brunico","url":"https:\/\/www.circolo-pesca-brunico.it\/de\/","logo":{"@type":"ImageObject","inLanguage":"de","@id":"https:\/\/www.circolo-pesca-brunico.it\/de\/#\/schema\/logo\/image\/","url":"https:\/\/www.circolo-pesca-brunico.it\/wp-content\/uploads\/2023\/12\/logo-small.jpg","contentUrl":"https:\/\/www.circolo-pesca-brunico.it\/wp-content\/uploads\/2023\/12\/logo-small.jpg","width":256,"height":60,"caption":"Circolo Pesca Sportiva Brunico"},"image":{"@id":"https:\/\/www.circolo-pesca-brunico.it\/de\/#\/schema\/logo\/image\/"}}]}},"_links":{"self":[{"href":"https:\/\/www.circolo-pesca-brunico.it\/de\/wp-json\/wp\/v2\/pages\/1306","targetHints":{"allow":["GET"]}}],"collection":[{"href":"https:\/\/www.circolo-pesca-brunico.it\/de\/wp-json\/wp\/v2\/pages"}],"about":[{"href":"https:\/\/www.circolo-pesca-brunico.it\/de\/wp-json\/wp\/v2\/types\/page"}],"author":[{"embeddable":true,"href":"https:\/\/www.circolo-pesca-brunico.it\/de\/wp-json\/wp\/v2\/users\/1"}],"replies":[{"embeddable":true,"href":"https:\/\/www.circolo-pesca-brunico.it\/de\/wp-json\/wp\/v2\/comments?post=1306"}],"version-history":[{"count":8,"href":"https:\/\/www.circolo-pesca-brunico.it\/de\/wp-json\/wp\/v2\/pages\/1306\/revisions"}],"predecessor-version":[{"id":1318,"href":"https:\/\/www.circolo-pesca-brunico.it\/de\/wp-json\/wp\/v2\/pages\/1306\/revisions\/1318"}],"up":[{"embeddable":true,"href":"https:\/\/www.circolo-pesca-brunico.it\/de\/wp-json\/wp\/v2\/pages\/1303"}],"wp:attachment":[{"href":"https:\/\/www.circolo-pesca-brunico.it\/de\/wp-json\/wp\/v2\/media?parent=1306"}],"curies":[{"name":"wp","href":"https:\/\/api.w.org\/{rel}","templated":true}]}}