{"id":1374,"date":"2017-01-03T11:41:43","date_gmt":"2017-01-03T11:41:43","guid":{"rendered":"http:\/\/www.circolo-pesca-brunico.it\/?page_id=1374"},"modified":"2017-03-14T20:51:37","modified_gmt":"2017-03-14T19:51:37","slug":"la-sede","status":"publish","type":"page","link":"https:\/\/www.circolo-pesca-brunico.it\/de\/il-circolo\/la-sede\/","title":{"rendered":"HAUPTSITZ"},"content":{"rendered":"<p><\/p>\n<h1>FISCHTEICH WALDHEIM<\/h1>\n<p>Der Fischteich des Sportfischervereins befindet sich in der Industriezone West in Bruneck an der Gemeindegrenze zu St. Lorenzen. Die Wasserfl\u00e4che betr\u00e4gt 2700 m\u00b2 und wird von einer Quelle gespeist. Das gesamte Areal hat eine Fl\u00e4che von 3700 m\u00b2. Die Freizeitanlage verf\u00fcgt \u00fcber eine Bar, ein B\u00fcro und ist f\u00fcr alle Personen und Vereine zug\u00e4nglich. Die Anlage soll allen Fischerfreunden, aber auch Familien, \u00e4lteren Personen und Jugendlichen ein Treffpunkt zum Plaudern und zum Entspannen in der freien Natur sein. Im Teich k\u00f6nnen Forellen und Karpfen gefischt werden.<\/p>\n<p><img loading=\"lazy\" decoding=\"async\" class=\"alignnone size-medium wp-image-1375\" src=\"http:\/\/www.circolo-pesca-brunico.it\/wp-content\/uploads\/2017\/01\/sede-300x164.jpg\" alt=\"\" width=\"300\" height=\"164\" srcset=\"https:\/\/www.circolo-pesca-brunico.it\/wp-content\/uploads\/2017\/01\/sede-300x164.jpg 300w, https:\/\/www.circolo-pesca-brunico.it\/wp-content\/uploads\/2017\/01\/sede.jpg 342w\" sizes=\"auto, (max-width: 300px) 100vw, 300px\" \/><\/p>","protected":false},"excerpt":{"rendered":"<p>FISCHTEICH WALDHEIM Der Fischteich des Sportfischervereins befindet sich in der Industriezone West in Bruneck an der Gemeindegrenze zu St. Lorenzen. Die Wasserfl\u00e4che betr\u00e4gt 2700 m\u00b2 und wird von einer Quelle &#8230;<\/p>\n","protected":false},"author":1,"featured_media":0,"parent":1303,"menu_order":0,"comment_status":"closed","ping_status":"closed","template":"","meta":{"_monsterinsights_skip_tracking":false,"_monsterinsights_sitenote_active":false,"_monsterinsights_sitenote_note":"","_monsterinsights_sitenote_category":0,"footnotes":""},"class_list":["post-1374","page","type-page","status-publish","hentry"],"yoast_head":"<!-- This site is optimized with the Yoast SEO plugin v27.5 - https:\/\/yoast.com\/product\/yoast-seo-wordpress\/ -->\n<title>HAUPTSITZ - Circolo Pesca Sportiva Brunico<\/title>\n<meta name=\"description\" content=\"La sede del circolo.\" \/>\n<meta name=\"robots\" content=\"index, follow, max-snippet:-1, max-image-preview:large, max-video-preview:-1\" \/>\n<link rel=\"canonical\" href=\"https:\/\/www.circolo-pesca-brunico.it\/de\/il-circolo\/la-sede\/\" \/>\n<meta property=\"og:locale\" content=\"de_DE\" \/>\n<meta property=\"og:type\" content=\"article\" \/>\n<meta property=\"og:title\" content=\"HAUPTSITZ - Circolo Pesca Sportiva Brunico\" \/>\n<meta property=\"og:description\" content=\"La sede del circolo.\" \/>\n<meta property=\"og:url\" content=\"https:\/\/www.circolo-pesca-brunico.it\/de\/il-circolo\/la-sede\/\" \/>\n<meta property=\"og:site_name\" content=\"Circolo Pesca Sportiva Brunico\" \/>\n<meta property=\"article:modified_time\" content=\"2017-03-14T19:51:37+00:00\" \/>\n<meta property=\"og:image\" content=\"http:\/\/www.circolo-pesca-brunico.it\/wp-content\/uploads\/2017\/01\/sede-300x164.jpg\" \/>\n<meta name=\"twitter:card\" content=\"summary_large_image\" \/>\n<meta name=\"twitter:label1\" content=\"Gesch\u00e4tzte Lesezeit\" \/>\n\t<meta name=\"twitter:data1\" content=\"1\u00a0Minute\" \/>\n<script type=\"application\/ld+json\" class=\"yoast-schema-graph\">{\"@context\":\"https:\\\/\\\/schema.org\",\"@graph\":[{\"@type\":\"WebPage\",\"@id\":\"https:\\\/\\\/www.circolo-pesca-brunico.it\\\/de\\\/il-circolo\\\/la-sede\\\/\",\"url\":\"https:\\\/\\\/www.circolo-pesca-brunico.it\\\/de\\\/il-circolo\\\/la-sede\\\/\",\"name\":\"HAUPTSITZ - Circolo Pesca Sportiva Brunico\",\"isPartOf\":{\"@id\":\"https:\\\/\\\/www.circolo-pesca-brunico.it\\\/de\\\/#website\"},\"primaryImageOfPage\":{\"@id\":\"https:\\\/\\\/www.circolo-pesca-brunico.it\\\/de\\\/il-circolo\\\/la-sede\\\/#primaryimage\"},\"image\":{\"@id\":\"https:\\\/\\\/www.circolo-pesca-brunico.it\\\/il-circolo\\\/la-sede\\\/#primaryimage\"},\"thumbnailUrl\":\"http:\\\/\\\/www.circolo-pesca-brunico.it\\\/wp-content\\\/uploads\\\/2017\\\/01\\\/sede-300x164.jpg\",\"datePublished\":\"2017-01-03T11:41:43+00:00\",\"dateModified\":\"2017-03-14T19:51:37+00:00\",\"description\":\"La sede del circolo.\",\"breadcrumb\":{\"@id\":\"https:\\\/\\\/www.circolo-pesca-brunico.it\\\/de\\\/il-circolo\\\/la-sede\\\/#breadcrumb\"},\"inLanguage\":\"de\",\"potentialAction\":[{\"@type\":\"ReadAction\",\"target\":[[\"https:\\\/\\\/www.circolo-pesca-brunico.it\\\/de\\\/il-circolo\\\/la-sede\\\/\"]]}]},{\"@type\":\"ImageObject\",\"inLanguage\":\"de\",\"@id\":\"https:\\\/\\\/www.circolo-pesca-brunico.it\\\/de\\\/il-circolo\\\/la-sede\\\/#primaryimage\",\"url\":\"http:\\\/\\\/www.circolo-pesca-brunico.it\\\/wp-content\\\/uploads\\\/2017\\\/01\\\/sede-300x164.jpg\",\"contentUrl\":\"http:\\\/\\\/www.circolo-pesca-brunico.it\\\/wp-content\\\/uploads\\\/2017\\\/01\\\/sede-300x164.jpg\"},{\"@type\":\"BreadcrumbList\",\"@id\":\"https:\\\/\\\/www.circolo-pesca-brunico.it\\\/de\\\/il-circolo\\\/la-sede\\\/#breadcrumb\",\"itemListElement\":[{\"@type\":\"ListItem\",\"position\":1,\"name\":\"Startseite\",\"item\":\"https:\\\/\\\/www.circolo-pesca-brunico.it\\\/de\\\/\"},{\"@type\":\"ListItem\",\"position\":2,\"name\":\"DER VEREIN\",\"item\":\"https:\\\/\\\/www.circolo-pesca-brunico.it\\\/de\\\/il-circolo\\\/\"},{\"@type\":\"ListItem\",\"position\":3,\"name\":\"HAUPTSITZ\"}]},{\"@type\":\"WebSite\",\"@id\":\"https:\\\/\\\/www.circolo-pesca-brunico.it\\\/de\\\/#website\",\"url\":\"https:\\\/\\\/www.circolo-pesca-brunico.it\\\/de\\\/\",\"name\":\"Circolo Pesca Sportiva Brunico\",\"description\":\"\",\"publisher\":{\"@id\":\"https:\\\/\\\/www.circolo-pesca-brunico.it\\\/de\\\/#organization\"},\"potentialAction\":[{\"@type\":\"SearchAction\",\"target\":{\"@type\":\"EntryPoint\",\"urlTemplate\":\"https:\\\/\\\/www.circolo-pesca-brunico.it\\\/de\\\/?s={search_term_string}\"},\"query-input\":{\"@type\":\"PropertyValueSpecification\",\"valueRequired\":true,\"valueName\":\"search_term_string\"}}],\"inLanguage\":\"de\"},{\"@type\":\"Organization\",\"@id\":\"https:\\\/\\\/www.circolo-pesca-brunico.it\\\/de\\\/#organization\",\"name\":\"Circolo Pesca Sportiva Brunico\",\"url\":\"https:\\\/\\\/www.circolo-pesca-brunico.it\\\/de\\\/\",\"logo\":{\"@type\":\"ImageObject\",\"inLanguage\":\"de\",\"@id\":\"https:\\\/\\\/www.circolo-pesca-brunico.it\\\/de\\\/#\\\/schema\\\/logo\\\/image\\\/\",\"url\":\"https:\\\/\\\/www.circolo-pesca-brunico.it\\\/wp-content\\\/uploads\\\/2023\\\/12\\\/logo-small.jpg\",\"contentUrl\":\"https:\\\/\\\/www.circolo-pesca-brunico.it\\\/wp-content\\\/uploads\\\/2023\\\/12\\\/logo-small.jpg\",\"width\":256,\"height\":60,\"caption\":\"Circolo Pesca Sportiva Brunico\"},\"image\":{\"@id\":\"https:\\\/\\\/www.circolo-pesca-brunico.it\\\/de\\\/#\\\/schema\\\/logo\\\/image\\\/\"}}]}<\/script>\n<!-- \/ Yoast SEO plugin. -->","yoast_head_json":{"title":"HAUPTSITZ - Circolo Pesca Sportiva Brunico","description":"La sede del circolo.","robots":{"index":"index","follow":"follow","max-snippet":"max-snippet:-1","max-image-preview":"max-image-preview:large","max-video-preview":"max-video-preview:-1"},"canonical":"https:\/\/www.circolo-pesca-brunico.it\/de\/il-circolo\/la-sede\/","og_locale":"de_DE","og_type":"article","og_title":"HAUPTSITZ - Circolo Pesca Sportiva Brunico","og_description":"La sede del circolo.","og_url":"https:\/\/www.circolo-pesca-brunico.it\/de\/il-circolo\/la-sede\/","og_site_name":"Circolo Pesca Sportiva Brunico","article_modified_time":"2017-03-14T19:51:37+00:00","og_image":[{"url":"http:\/\/www.circolo-pesca-brunico.it\/wp-content\/uploads\/2017\/01\/sede-300x164.jpg","type":"","width":"","height":""}],"twitter_card":"summary_large_image","twitter_misc":{"Gesch\u00e4tzte Lesezeit":"1\u00a0Minute"},"schema":{"@context":"https:\/\/schema.org","@graph":[{"@type":"WebPage","@id":"https:\/\/www.circolo-pesca-brunico.it\/de\/il-circolo\/la-sede\/","url":"https:\/\/www.circolo-pesca-brunico.it\/de\/il-circolo\/la-sede\/","name":"HAUPTSITZ - Circolo Pesca Sportiva Brunico","isPartOf":{"@id":"https:\/\/www.circolo-pesca-brunico.it\/de\/#website"},"primaryImageOfPage":{"@id":"https:\/\/www.circolo-pesca-brunico.it\/de\/il-circolo\/la-sede\/#primaryimage"},"image":{"@id":"https:\/\/www.circolo-pesca-brunico.it\/il-circolo\/la-sede\/#primaryimage"},"thumbnailUrl":"http:\/\/www.circolo-pesca-brunico.it\/wp-content\/uploads\/2017\/01\/sede-300x164.jpg","datePublished":"2017-01-03T11:41:43+00:00","dateModified":"2017-03-14T19:51:37+00:00","description":"La sede del circolo.","breadcrumb":{"@id":"https:\/\/www.circolo-pesca-brunico.it\/de\/il-circolo\/la-sede\/#breadcrumb"},"inLanguage":"de","potentialAction":[{"@type":"ReadAction","target":[["https:\/\/www.circolo-pesca-brunico.it\/de\/il-circolo\/la-sede\/"]]}]},{"@type":"ImageObject","inLanguage":"de","@id":"https:\/\/www.circolo-pesca-brunico.it\/de\/il-circolo\/la-sede\/#primaryimage","url":"http:\/\/www.circolo-pesca-brunico.it\/wp-content\/uploads\/2017\/01\/sede-300x164.jpg","contentUrl":"http:\/\/www.circolo-pesca-brunico.it\/wp-content\/uploads\/2017\/01\/sede-300x164.jpg"},{"@type":"BreadcrumbList","@id":"https:\/\/www.circolo-pesca-brunico.it\/de\/il-circolo\/la-sede\/#breadcrumb","itemListElement":[{"@type":"ListItem","position":1,"name":"Startseite","item":"https:\/\/www.circolo-pesca-brunico.it\/de\/"},{"@type":"ListItem","position":2,"name":"DER VEREIN","item":"https:\/\/www.circolo-pesca-brunico.it\/de\/il-circolo\/"},{"@type":"ListItem","position":3,"name":"HAUPTSITZ"}]},{"@type":"WebSite","@id":"https:\/\/www.circolo-pesca-brunico.it\/de\/#website","url":"https:\/\/www.circolo-pesca-brunico.it\/de\/","name":"Circolo Pesca Sportiva Brunico","description":"","publisher":{"@id":"https:\/\/www.circolo-pesca-brunico.it\/de\/#organization"},"potentialAction":[{"@type":"SearchAction","target":{"@type":"EntryPoint","urlTemplate":"https:\/\/www.circolo-pesca-brunico.it\/de\/?s={search_term_string}"},"query-input":{"@type":"PropertyValueSpecification","valueRequired":true,"valueName":"search_term_string"}}],"inLanguage":"de"},{"@type":"Organization","@id":"https:\/\/www.circolo-pesca-brunico.it\/de\/#organization","name":"Circolo Pesca Sportiva Brunico","url":"https:\/\/www.circolo-pesca-brunico.it\/de\/","logo":{"@type":"ImageObject","inLanguage":"de","@id":"https:\/\/www.circolo-pesca-brunico.it\/de\/#\/schema\/logo\/image\/","url":"https:\/\/www.circolo-pesca-brunico.it\/wp-content\/uploads\/2023\/12\/logo-small.jpg","contentUrl":"https:\/\/www.circolo-pesca-brunico.it\/wp-content\/uploads\/2023\/12\/logo-small.jpg","width":256,"height":60,"caption":"Circolo Pesca Sportiva Brunico"},"image":{"@id":"https:\/\/www.circolo-pesca-brunico.it\/de\/#\/schema\/logo\/image\/"}}]}},"_links":{"self":[{"href":"https:\/\/www.circolo-pesca-brunico.it\/de\/wp-json\/wp\/v2\/pages\/1374","targetHints":{"allow":["GET"]}}],"collection":[{"href":"https:\/\/www.circolo-pesca-brunico.it\/de\/wp-json\/wp\/v2\/pages"}],"about":[{"href":"https:\/\/www.circolo-pesca-brunico.it\/de\/wp-json\/wp\/v2\/types\/page"}],"author":[{"embeddable":true,"href":"https:\/\/www.circolo-pesca-brunico.it\/de\/wp-json\/wp\/v2\/users\/1"}],"replies":[{"embeddable":true,"href":"https:\/\/www.circolo-pesca-brunico.it\/de\/wp-json\/wp\/v2\/comments?post=1374"}],"version-history":[{"count":2,"href":"https:\/\/www.circolo-pesca-brunico.it\/de\/wp-json\/wp\/v2\/pages\/1374\/revisions"}],"predecessor-version":[{"id":1545,"href":"https:\/\/www.circolo-pesca-brunico.it\/de\/wp-json\/wp\/v2\/pages\/1374\/revisions\/1545"}],"up":[{"embeddable":true,"href":"https:\/\/www.circolo-pesca-brunico.it\/de\/wp-json\/wp\/v2\/pages\/1303"}],"wp:attachment":[{"href":"https:\/\/www.circolo-pesca-brunico.it\/de\/wp-json\/wp\/v2\/media?parent=1374"}],"curies":[{"name":"wp","href":"https:\/\/api.w.org\/{rel}","templated":true}]}}