{"id":1558,"date":"2017-02-28T15:01:10","date_gmt":"2017-02-28T14:01:10","guid":{"rendered":"http:\/\/www.circolo-pesca-brunico.it\/?page_id=1558"},"modified":"2023-12-30T00:31:20","modified_gmt":"2023-12-29T23:31:20","slug":"riserve-di-pesca","status":"publish","type":"page","link":"https:\/\/www.circolo-pesca-brunico.it\/de\/pesca\/riserve-di-pesca\/","title":{"rendered":"FISCHEREIREVIERE"},"content":{"rendered":"<p>Durch den Verein k\u00f6nnen Sie Tageskarten f\u00fcr folgende Fischereireviere erwerben:<\/p>\n<ul>\n<li>RIENZ* 164<\/li>\n<li>RIENZ* 167<\/li>\n<li>RIENZ* 162<\/li>\n<li>GADER 198<\/li>\n<li>M\u00fchlbachl*<\/li>\n<\/ul>\n<p><em>*geschlossene Anzahl<\/em><\/p>\n<p><strong>F\u00fcr Informationen und Reservierungen:<\/strong><\/p>\n<p><strong>Luca<\/strong> +393289195059<\/p>\n<p><a href=\"http:\/\/www.provinz.bz.it\/forst\/fischerei\/1765.asp\">Andere Fischereireviere in S\u00fcdtirol<\/a><\/p>","protected":false},"excerpt":{"rendered":"<p>Durch den Verein k\u00f6nnen Sie Tageskarten f\u00fcr folgende Fischereireviere erwerben: RIENZ* 164 RIENZ* 167 RIENZ* 162 GADER 198 M\u00fchlbachl* *geschlossene Anzahl F\u00fcr Informationen und Reservierungen: Luca +393289195059 Andere Fischereireviere in &#8230;<\/p>\n","protected":false},"author":1,"featured_media":0,"parent":1586,"menu_order":0,"comment_status":"closed","ping_status":"closed","template":"","meta":{"_monsterinsights_skip_tracking":false,"_monsterinsights_sitenote_active":false,"_monsterinsights_sitenote_note":"","_monsterinsights_sitenote_category":0,"footnotes":""},"class_list":["post-1558","page","type-page","status-publish","hentry"],"yoast_head":"<!-- This site is optimized with the Yoast SEO plugin v27.5 - https:\/\/yoast.com\/product\/yoast-seo-wordpress\/ -->\n<title>FISCHEREIREVIERE - Circolo Pesca Sportiva Brunico<\/title>\n<meta name=\"description\" content=\"Le riserve di pesca.\" \/>\n<meta name=\"robots\" content=\"index, follow, max-snippet:-1, max-image-preview:large, max-video-preview:-1\" \/>\n<link rel=\"canonical\" href=\"https:\/\/www.circolo-pesca-brunico.it\/de\/pesca\/riserve-di-pesca\/\" \/>\n<meta property=\"og:locale\" content=\"de_DE\" \/>\n<meta property=\"og:type\" content=\"article\" \/>\n<meta property=\"og:title\" content=\"FISCHEREIREVIERE - Circolo Pesca Sportiva Brunico\" \/>\n<meta property=\"og:description\" content=\"Le riserve di pesca.\" \/>\n<meta property=\"og:url\" content=\"https:\/\/www.circolo-pesca-brunico.it\/de\/pesca\/riserve-di-pesca\/\" \/>\n<meta property=\"og:site_name\" content=\"Circolo Pesca Sportiva Brunico\" \/>\n<meta property=\"article:modified_time\" content=\"2023-12-29T23:31:20+00:00\" \/>\n<meta name=\"twitter:card\" content=\"summary_large_image\" \/>\n<meta name=\"twitter:label1\" content=\"Gesch\u00e4tzte Lesezeit\" \/>\n\t<meta name=\"twitter:data1\" content=\"1\u00a0Minute\" \/>\n<script type=\"application\/ld+json\" class=\"yoast-schema-graph\">{\"@context\":\"https:\\\/\\\/schema.org\",\"@graph\":[{\"@type\":\"WebPage\",\"@id\":\"https:\\\/\\\/www.circolo-pesca-brunico.it\\\/de\\\/pesca\\\/riserve-di-pesca\\\/\",\"url\":\"https:\\\/\\\/www.circolo-pesca-brunico.it\\\/de\\\/pesca\\\/riserve-di-pesca\\\/\",\"name\":\"FISCHEREIREVIERE - Circolo Pesca Sportiva Brunico\",\"isPartOf\":{\"@id\":\"https:\\\/\\\/www.circolo-pesca-brunico.it\\\/de\\\/#website\"},\"datePublished\":\"2017-02-28T14:01:10+00:00\",\"dateModified\":\"2023-12-29T23:31:20+00:00\",\"description\":\"Le riserve di pesca.\",\"breadcrumb\":{\"@id\":\"https:\\\/\\\/www.circolo-pesca-brunico.it\\\/de\\\/pesca\\\/riserve-di-pesca\\\/#breadcrumb\"},\"inLanguage\":\"de\",\"potentialAction\":[{\"@type\":\"ReadAction\",\"target\":[[\"https:\\\/\\\/www.circolo-pesca-brunico.it\\\/de\\\/pesca\\\/riserve-di-pesca\\\/\"]]}]},{\"@type\":\"BreadcrumbList\",\"@id\":\"https:\\\/\\\/www.circolo-pesca-brunico.it\\\/de\\\/pesca\\\/riserve-di-pesca\\\/#breadcrumb\",\"itemListElement\":[{\"@type\":\"ListItem\",\"position\":1,\"name\":\"Startseite\",\"item\":\"https:\\\/\\\/www.circolo-pesca-brunico.it\\\/de\\\/\"},{\"@type\":\"ListItem\",\"position\":2,\"name\":\"PESCA\",\"item\":\"https:\\\/\\\/www.circolo-pesca-brunico.it\\\/de\\\/pesca\\\/\"},{\"@type\":\"ListItem\",\"position\":3,\"name\":\"FISCHEREIREVIERE\"}]},{\"@type\":\"WebSite\",\"@id\":\"https:\\\/\\\/www.circolo-pesca-brunico.it\\\/de\\\/#website\",\"url\":\"https:\\\/\\\/www.circolo-pesca-brunico.it\\\/de\\\/\",\"name\":\"Circolo Pesca Sportiva Brunico\",\"description\":\"\",\"publisher\":{\"@id\":\"https:\\\/\\\/www.circolo-pesca-brunico.it\\\/de\\\/#organization\"},\"potentialAction\":[{\"@type\":\"SearchAction\",\"target\":{\"@type\":\"EntryPoint\",\"urlTemplate\":\"https:\\\/\\\/www.circolo-pesca-brunico.it\\\/de\\\/?s={search_term_string}\"},\"query-input\":{\"@type\":\"PropertyValueSpecification\",\"valueRequired\":true,\"valueName\":\"search_term_string\"}}],\"inLanguage\":\"de\"},{\"@type\":\"Organization\",\"@id\":\"https:\\\/\\\/www.circolo-pesca-brunico.it\\\/de\\\/#organization\",\"name\":\"Circolo Pesca Sportiva Brunico\",\"url\":\"https:\\\/\\\/www.circolo-pesca-brunico.it\\\/de\\\/\",\"logo\":{\"@type\":\"ImageObject\",\"inLanguage\":\"de\",\"@id\":\"https:\\\/\\\/www.circolo-pesca-brunico.it\\\/de\\\/#\\\/schema\\\/logo\\\/image\\\/\",\"url\":\"https:\\\/\\\/www.circolo-pesca-brunico.it\\\/wp-content\\\/uploads\\\/2023\\\/12\\\/logo-small.jpg\",\"contentUrl\":\"https:\\\/\\\/www.circolo-pesca-brunico.it\\\/wp-content\\\/uploads\\\/2023\\\/12\\\/logo-small.jpg\",\"width\":256,\"height\":60,\"caption\":\"Circolo Pesca Sportiva Brunico\"},\"image\":{\"@id\":\"https:\\\/\\\/www.circolo-pesca-brunico.it\\\/de\\\/#\\\/schema\\\/logo\\\/image\\\/\"}}]}<\/script>\n<!-- \/ Yoast SEO plugin. -->","yoast_head_json":{"title":"FISCHEREIREVIERE - Circolo Pesca Sportiva Brunico","description":"Le riserve di pesca.","robots":{"index":"index","follow":"follow","max-snippet":"max-snippet:-1","max-image-preview":"max-image-preview:large","max-video-preview":"max-video-preview:-1"},"canonical":"https:\/\/www.circolo-pesca-brunico.it\/de\/pesca\/riserve-di-pesca\/","og_locale":"de_DE","og_type":"article","og_title":"FISCHEREIREVIERE - Circolo Pesca Sportiva Brunico","og_description":"Le riserve di pesca.","og_url":"https:\/\/www.circolo-pesca-brunico.it\/de\/pesca\/riserve-di-pesca\/","og_site_name":"Circolo Pesca Sportiva Brunico","article_modified_time":"2023-12-29T23:31:20+00:00","twitter_card":"summary_large_image","twitter_misc":{"Gesch\u00e4tzte Lesezeit":"1\u00a0Minute"},"schema":{"@context":"https:\/\/schema.org","@graph":[{"@type":"WebPage","@id":"https:\/\/www.circolo-pesca-brunico.it\/de\/pesca\/riserve-di-pesca\/","url":"https:\/\/www.circolo-pesca-brunico.it\/de\/pesca\/riserve-di-pesca\/","name":"FISCHEREIREVIERE - Circolo Pesca Sportiva Brunico","isPartOf":{"@id":"https:\/\/www.circolo-pesca-brunico.it\/de\/#website"},"datePublished":"2017-02-28T14:01:10+00:00","dateModified":"2023-12-29T23:31:20+00:00","description":"Le riserve di pesca.","breadcrumb":{"@id":"https:\/\/www.circolo-pesca-brunico.it\/de\/pesca\/riserve-di-pesca\/#breadcrumb"},"inLanguage":"de","potentialAction":[{"@type":"ReadAction","target":[["https:\/\/www.circolo-pesca-brunico.it\/de\/pesca\/riserve-di-pesca\/"]]}]},{"@type":"BreadcrumbList","@id":"https:\/\/www.circolo-pesca-brunico.it\/de\/pesca\/riserve-di-pesca\/#breadcrumb","itemListElement":[{"@type":"ListItem","position":1,"name":"Startseite","item":"https:\/\/www.circolo-pesca-brunico.it\/de\/"},{"@type":"ListItem","position":2,"name":"PESCA","item":"https:\/\/www.circolo-pesca-brunico.it\/de\/pesca\/"},{"@type":"ListItem","position":3,"name":"FISCHEREIREVIERE"}]},{"@type":"WebSite","@id":"https:\/\/www.circolo-pesca-brunico.it\/de\/#website","url":"https:\/\/www.circolo-pesca-brunico.it\/de\/","name":"Circolo Pesca Sportiva Brunico","description":"","publisher":{"@id":"https:\/\/www.circolo-pesca-brunico.it\/de\/#organization"},"potentialAction":[{"@type":"SearchAction","target":{"@type":"EntryPoint","urlTemplate":"https:\/\/www.circolo-pesca-brunico.it\/de\/?s={search_term_string}"},"query-input":{"@type":"PropertyValueSpecification","valueRequired":true,"valueName":"search_term_string"}}],"inLanguage":"de"},{"@type":"Organization","@id":"https:\/\/www.circolo-pesca-brunico.it\/de\/#organization","name":"Circolo Pesca Sportiva Brunico","url":"https:\/\/www.circolo-pesca-brunico.it\/de\/","logo":{"@type":"ImageObject","inLanguage":"de","@id":"https:\/\/www.circolo-pesca-brunico.it\/de\/#\/schema\/logo\/image\/","url":"https:\/\/www.circolo-pesca-brunico.it\/wp-content\/uploads\/2023\/12\/logo-small.jpg","contentUrl":"https:\/\/www.circolo-pesca-brunico.it\/wp-content\/uploads\/2023\/12\/logo-small.jpg","width":256,"height":60,"caption":"Circolo Pesca Sportiva Brunico"},"image":{"@id":"https:\/\/www.circolo-pesca-brunico.it\/de\/#\/schema\/logo\/image\/"}}]}},"_links":{"self":[{"href":"https:\/\/www.circolo-pesca-brunico.it\/de\/wp-json\/wp\/v2\/pages\/1558","targetHints":{"allow":["GET"]}}],"collection":[{"href":"https:\/\/www.circolo-pesca-brunico.it\/de\/wp-json\/wp\/v2\/pages"}],"about":[{"href":"https:\/\/www.circolo-pesca-brunico.it\/de\/wp-json\/wp\/v2\/types\/page"}],"author":[{"embeddable":true,"href":"https:\/\/www.circolo-pesca-brunico.it\/de\/wp-json\/wp\/v2\/users\/1"}],"replies":[{"embeddable":true,"href":"https:\/\/www.circolo-pesca-brunico.it\/de\/wp-json\/wp\/v2\/comments?post=1558"}],"version-history":[{"count":8,"href":"https:\/\/www.circolo-pesca-brunico.it\/de\/wp-json\/wp\/v2\/pages\/1558\/revisions"}],"predecessor-version":[{"id":2318,"href":"https:\/\/www.circolo-pesca-brunico.it\/de\/wp-json\/wp\/v2\/pages\/1558\/revisions\/2318"}],"up":[{"embeddable":true,"href":"https:\/\/www.circolo-pesca-brunico.it\/de\/wp-json\/wp\/v2\/pages\/1586"}],"wp:attachment":[{"href":"https:\/\/www.circolo-pesca-brunico.it\/de\/wp-json\/wp\/v2\/media?parent=1558"}],"curies":[{"name":"wp","href":"https:\/\/api.w.org\/{rel}","templated":true}]}}