{"id":1561,"date":"2017-02-28T15:13:40","date_gmt":"2017-02-28T14:13:40","guid":{"rendered":"http:\/\/www.circolo-pesca-brunico.it\/?page_id=1561"},"modified":"2025-04-04T01:11:54","modified_gmt":"2025-04-03T23:11:54","slug":"tesseramento","status":"publish","type":"page","link":"https:\/\/www.circolo-pesca-brunico.it\/de\/il-circolo\/tesseramento\/","title":{"rendered":"MITGLIEDSCHAFT"},"content":{"rendered":"<p><\/p>\n<h4>J\u00e4hrlicher Mitgliedsbeitrag<\/h4>\n<table>\n<tr>\n<td><strong>J\u00e4hrlicher Mitgliedsbeitrag<\/strong><\/td><td>inkl. CONI-Meldung und Versicherungsschutz<\/td><td>20 \u20ac<\/td><\/tr>\n<\/table>\n\n<p>&nbsp;<\/p>\n<h4>Fischerschein f\u00fcr Mitglieder*<\/h4>\n<table>\n<tr>\n<td>Forellen- und Karpfenfischen<\/td><td>Jugendliche<\/td><td>NO-KILL<\/td><td>20 \u20ac<\/td><\/tr>\n<tr>\n<td>Forellen- und Karpfenfischen<\/td><td>Erwachsene<\/td><td>NO-KILL<\/td><td>70 \u20ac<\/td><\/tr>\n<tr>\n<td>Preisfischen<\/td><td>Erwachsene<\/td><td>1 Preisfischen<\/td><td>20 \u20ac<\/td><\/tr>\n<tr>\n<td>Preisfischen<\/td><td>Erwachsene<\/td><td>10 Preisfischen<\/td><td>150 \u20ac<\/td><\/tr>\n<\/table>\n\n<p>&nbsp;<\/p>\n<h4>Fischerschein f\u00fcr NICHT-Mitglieder*<\/h4>\n<table>\n<tr>\n<td>Forellenfischen<\/td><td>1 Tag<\/td><td>inklusive 4 Forellen<\/td><td>20 \u20ac<\/td><\/tr>\n<tr>\n<td>Forellen- und Karpfenfischen<\/td><td>1 Tag<\/td><td>NO-KILL<\/td><td>10 \u20ac<\/td><\/tr>\n<tr>\n<td>Forellen- und Karpfenfischen<\/td><td>7 Tage<\/td><td>NO-KILL<\/td><td>50 \u20ac<\/td><\/tr>\n<\/table>\n\n<p>&nbsp;<\/p>\n<table>\n<tr>\n<td>Leihgeb\u00fchr<\/td><td>Angel, K\u00e4scher, Teppich<\/td><td>2,50 \u20ac<\/td><\/tr>\n<\/table>\n\n<p>&nbsp;<\/p>\n<p>* + 4 \u20ac f\u00fcr jede behaltene Forelle<\/p>\n<p>&nbsp;<\/p>\n<p><strong>Gruppen- oder Vereinsfischen <\/strong>nach Vereinbarung!<\/p>","protected":false},"excerpt":{"rendered":"<p>J\u00e4hrlicher Mitgliedsbeitrag &nbsp; Fischerschein f\u00fcr Mitglieder* &nbsp; Fischerschein f\u00fcr NICHT-Mitglieder* &nbsp; &nbsp; * + 4 \u20ac f\u00fcr jede behaltene Forelle &nbsp; Gruppen- oder Vereinsfischen nach Vereinbarung!<\/p>\n","protected":false},"author":1,"featured_media":0,"parent":1303,"menu_order":0,"comment_status":"closed","ping_status":"closed","template":"","meta":{"_monsterinsights_skip_tracking":false,"_monsterinsights_sitenote_active":false,"_monsterinsights_sitenote_note":"","_monsterinsights_sitenote_category":0,"footnotes":""},"class_list":["post-1561","page","type-page","status-publish","hentry"],"yoast_head":"<!-- This site is optimized with the Yoast SEO plugin v27.5 - https:\/\/yoast.com\/product\/yoast-seo-wordpress\/ -->\n<title>MITGLIEDSCHAFT - Circolo Pesca Sportiva Brunico<\/title>\n<meta name=\"description\" content=\"Il tesseramento.\" \/>\n<meta name=\"robots\" content=\"index, follow, max-snippet:-1, max-image-preview:large, max-video-preview:-1\" \/>\n<link rel=\"canonical\" href=\"https:\/\/www.circolo-pesca-brunico.it\/de\/il-circolo\/tesseramento\/\" \/>\n<meta property=\"og:locale\" content=\"de_DE\" \/>\n<meta property=\"og:type\" content=\"article\" \/>\n<meta property=\"og:title\" content=\"MITGLIEDSCHAFT - Circolo Pesca Sportiva Brunico\" \/>\n<meta property=\"og:description\" content=\"Il tesseramento.\" \/>\n<meta property=\"og:url\" content=\"https:\/\/www.circolo-pesca-brunico.it\/de\/il-circolo\/tesseramento\/\" \/>\n<meta property=\"og:site_name\" content=\"Circolo Pesca Sportiva Brunico\" \/>\n<meta property=\"article:modified_time\" content=\"2025-04-03T23:11:54+00:00\" \/>\n<meta name=\"twitter:card\" content=\"summary_large_image\" \/>\n<meta name=\"twitter:label1\" content=\"Gesch\u00e4tzte Lesezeit\" \/>\n\t<meta name=\"twitter:data1\" content=\"1\u00a0Minute\" \/>\n<script type=\"application\/ld+json\" class=\"yoast-schema-graph\">{\"@context\":\"https:\\\/\\\/schema.org\",\"@graph\":[{\"@type\":\"WebPage\",\"@id\":\"https:\\\/\\\/www.circolo-pesca-brunico.it\\\/de\\\/il-circolo\\\/tesseramento\\\/\",\"url\":\"https:\\\/\\\/www.circolo-pesca-brunico.it\\\/de\\\/il-circolo\\\/tesseramento\\\/\",\"name\":\"MITGLIEDSCHAFT - Circolo Pesca Sportiva Brunico\",\"isPartOf\":{\"@id\":\"https:\\\/\\\/www.circolo-pesca-brunico.it\\\/de\\\/#website\"},\"datePublished\":\"2017-02-28T14:13:40+00:00\",\"dateModified\":\"2025-04-03T23:11:54+00:00\",\"description\":\"Il tesseramento.\",\"breadcrumb\":{\"@id\":\"https:\\\/\\\/www.circolo-pesca-brunico.it\\\/de\\\/il-circolo\\\/tesseramento\\\/#breadcrumb\"},\"inLanguage\":\"de\",\"potentialAction\":[{\"@type\":\"ReadAction\",\"target\":[[\"https:\\\/\\\/www.circolo-pesca-brunico.it\\\/de\\\/il-circolo\\\/tesseramento\\\/\"]]}]},{\"@type\":\"BreadcrumbList\",\"@id\":\"https:\\\/\\\/www.circolo-pesca-brunico.it\\\/de\\\/il-circolo\\\/tesseramento\\\/#breadcrumb\",\"itemListElement\":[{\"@type\":\"ListItem\",\"position\":1,\"name\":\"Startseite\",\"item\":\"https:\\\/\\\/www.circolo-pesca-brunico.it\\\/de\\\/\"},{\"@type\":\"ListItem\",\"position\":2,\"name\":\"DER VEREIN\",\"item\":\"https:\\\/\\\/www.circolo-pesca-brunico.it\\\/de\\\/il-circolo\\\/\"},{\"@type\":\"ListItem\",\"position\":3,\"name\":\"MITGLIEDSCHAFT\"}]},{\"@type\":\"WebSite\",\"@id\":\"https:\\\/\\\/www.circolo-pesca-brunico.it\\\/de\\\/#website\",\"url\":\"https:\\\/\\\/www.circolo-pesca-brunico.it\\\/de\\\/\",\"name\":\"Circolo Pesca Sportiva Brunico\",\"description\":\"\",\"publisher\":{\"@id\":\"https:\\\/\\\/www.circolo-pesca-brunico.it\\\/de\\\/#organization\"},\"potentialAction\":[{\"@type\":\"SearchAction\",\"target\":{\"@type\":\"EntryPoint\",\"urlTemplate\":\"https:\\\/\\\/www.circolo-pesca-brunico.it\\\/de\\\/?s={search_term_string}\"},\"query-input\":{\"@type\":\"PropertyValueSpecification\",\"valueRequired\":true,\"valueName\":\"search_term_string\"}}],\"inLanguage\":\"de\"},{\"@type\":\"Organization\",\"@id\":\"https:\\\/\\\/www.circolo-pesca-brunico.it\\\/de\\\/#organization\",\"name\":\"Circolo Pesca Sportiva Brunico\",\"url\":\"https:\\\/\\\/www.circolo-pesca-brunico.it\\\/de\\\/\",\"logo\":{\"@type\":\"ImageObject\",\"inLanguage\":\"de\",\"@id\":\"https:\\\/\\\/www.circolo-pesca-brunico.it\\\/de\\\/#\\\/schema\\\/logo\\\/image\\\/\",\"url\":\"https:\\\/\\\/www.circolo-pesca-brunico.it\\\/wp-content\\\/uploads\\\/2023\\\/12\\\/logo-small.jpg\",\"contentUrl\":\"https:\\\/\\\/www.circolo-pesca-brunico.it\\\/wp-content\\\/uploads\\\/2023\\\/12\\\/logo-small.jpg\",\"width\":256,\"height\":60,\"caption\":\"Circolo Pesca Sportiva Brunico\"},\"image\":{\"@id\":\"https:\\\/\\\/www.circolo-pesca-brunico.it\\\/de\\\/#\\\/schema\\\/logo\\\/image\\\/\"}}]}<\/script>\n<!-- \/ Yoast SEO plugin. -->","yoast_head_json":{"title":"MITGLIEDSCHAFT - Circolo Pesca Sportiva Brunico","description":"Il tesseramento.","robots":{"index":"index","follow":"follow","max-snippet":"max-snippet:-1","max-image-preview":"max-image-preview:large","max-video-preview":"max-video-preview:-1"},"canonical":"https:\/\/www.circolo-pesca-brunico.it\/de\/il-circolo\/tesseramento\/","og_locale":"de_DE","og_type":"article","og_title":"MITGLIEDSCHAFT - Circolo Pesca Sportiva Brunico","og_description":"Il tesseramento.","og_url":"https:\/\/www.circolo-pesca-brunico.it\/de\/il-circolo\/tesseramento\/","og_site_name":"Circolo Pesca Sportiva Brunico","article_modified_time":"2025-04-03T23:11:54+00:00","twitter_card":"summary_large_image","twitter_misc":{"Gesch\u00e4tzte Lesezeit":"1\u00a0Minute"},"schema":{"@context":"https:\/\/schema.org","@graph":[{"@type":"WebPage","@id":"https:\/\/www.circolo-pesca-brunico.it\/de\/il-circolo\/tesseramento\/","url":"https:\/\/www.circolo-pesca-brunico.it\/de\/il-circolo\/tesseramento\/","name":"MITGLIEDSCHAFT - Circolo Pesca Sportiva Brunico","isPartOf":{"@id":"https:\/\/www.circolo-pesca-brunico.it\/de\/#website"},"datePublished":"2017-02-28T14:13:40+00:00","dateModified":"2025-04-03T23:11:54+00:00","description":"Il tesseramento.","breadcrumb":{"@id":"https:\/\/www.circolo-pesca-brunico.it\/de\/il-circolo\/tesseramento\/#breadcrumb"},"inLanguage":"de","potentialAction":[{"@type":"ReadAction","target":[["https:\/\/www.circolo-pesca-brunico.it\/de\/il-circolo\/tesseramento\/"]]}]},{"@type":"BreadcrumbList","@id":"https:\/\/www.circolo-pesca-brunico.it\/de\/il-circolo\/tesseramento\/#breadcrumb","itemListElement":[{"@type":"ListItem","position":1,"name":"Startseite","item":"https:\/\/www.circolo-pesca-brunico.it\/de\/"},{"@type":"ListItem","position":2,"name":"DER VEREIN","item":"https:\/\/www.circolo-pesca-brunico.it\/de\/il-circolo\/"},{"@type":"ListItem","position":3,"name":"MITGLIEDSCHAFT"}]},{"@type":"WebSite","@id":"https:\/\/www.circolo-pesca-brunico.it\/de\/#website","url":"https:\/\/www.circolo-pesca-brunico.it\/de\/","name":"Circolo Pesca Sportiva Brunico","description":"","publisher":{"@id":"https:\/\/www.circolo-pesca-brunico.it\/de\/#organization"},"potentialAction":[{"@type":"SearchAction","target":{"@type":"EntryPoint","urlTemplate":"https:\/\/www.circolo-pesca-brunico.it\/de\/?s={search_term_string}"},"query-input":{"@type":"PropertyValueSpecification","valueRequired":true,"valueName":"search_term_string"}}],"inLanguage":"de"},{"@type":"Organization","@id":"https:\/\/www.circolo-pesca-brunico.it\/de\/#organization","name":"Circolo Pesca Sportiva Brunico","url":"https:\/\/www.circolo-pesca-brunico.it\/de\/","logo":{"@type":"ImageObject","inLanguage":"de","@id":"https:\/\/www.circolo-pesca-brunico.it\/de\/#\/schema\/logo\/image\/","url":"https:\/\/www.circolo-pesca-brunico.it\/wp-content\/uploads\/2023\/12\/logo-small.jpg","contentUrl":"https:\/\/www.circolo-pesca-brunico.it\/wp-content\/uploads\/2023\/12\/logo-small.jpg","width":256,"height":60,"caption":"Circolo Pesca Sportiva Brunico"},"image":{"@id":"https:\/\/www.circolo-pesca-brunico.it\/de\/#\/schema\/logo\/image\/"}}]}},"_links":{"self":[{"href":"https:\/\/www.circolo-pesca-brunico.it\/de\/wp-json\/wp\/v2\/pages\/1561","targetHints":{"allow":["GET"]}}],"collection":[{"href":"https:\/\/www.circolo-pesca-brunico.it\/de\/wp-json\/wp\/v2\/pages"}],"about":[{"href":"https:\/\/www.circolo-pesca-brunico.it\/de\/wp-json\/wp\/v2\/types\/page"}],"author":[{"embeddable":true,"href":"https:\/\/www.circolo-pesca-brunico.it\/de\/wp-json\/wp\/v2\/users\/1"}],"replies":[{"embeddable":true,"href":"https:\/\/www.circolo-pesca-brunico.it\/de\/wp-json\/wp\/v2\/comments?post=1561"}],"version-history":[{"count":12,"href":"https:\/\/www.circolo-pesca-brunico.it\/de\/wp-json\/wp\/v2\/pages\/1561\/revisions"}],"predecessor-version":[{"id":2402,"href":"https:\/\/www.circolo-pesca-brunico.it\/de\/wp-json\/wp\/v2\/pages\/1561\/revisions\/2402"}],"up":[{"embeddable":true,"href":"https:\/\/www.circolo-pesca-brunico.it\/de\/wp-json\/wp\/v2\/pages\/1303"}],"wp:attachment":[{"href":"https:\/\/www.circolo-pesca-brunico.it\/de\/wp-json\/wp\/v2\/media?parent=1561"}],"curies":[{"name":"wp","href":"https:\/\/api.w.org\/{rel}","templated":true}]}}